{"id":218,"date":"2023-10-15T16:40:52","date_gmt":"2023-10-15T19:40:52","guid":{"rendered":"https:\/\/expandirnetwork.com.br\/?page_id=218"},"modified":"2023-11-15T20:41:56","modified_gmt":"2023-11-15T23:41:56","slug":"para-voce","status":"publish","type":"page","link":"https:\/\/expandirnetwork.com.br\/index.php\/para-voce\/","title":{"rendered":"Para voc\u00ea"},"content":{"rendered":"\n<section id=\"wp-block-themeisle-blocks-advanced-columns-8e5f5f85\" class=\"wp-block-themeisle-blocks-advanced-columns alignfull has-1-columns has-desktop-equal-layout has-tablet-equal-layout has-mobile-equal-layout has-vertical-center\"><div class=\"wp-block-themeisle-blocks-advanced-columns-overlay\"><\/div><div class=\"innerblocks-wrap\">\n<div id=\"wp-block-themeisle-blocks-advanced-column-b070ff3b\" class=\"wp-block-themeisle-blocks-advanced-column\">\n<h1 id=\"wp-block-themeisle-blocks-advanced-heading-2f679188\" class=\"wp-block-themeisle-blocks-advanced-heading wp-block-themeisle-blocks-advanced-heading-2f679188\">Para quem \u00e9 o Expandir<\/h1>\n<\/div>\n<\/div><\/section>\n\n\n\n<section id=\"wp-block-themeisle-blocks-advanced-columns-e7931e5c\" class=\"wp-block-themeisle-blocks-advanced-columns alignfull has-2-columns has-desktop-equal-layout has-tablet-equal-layout has-mobile-collapsedRows-layout has-vertical-center\"><div class=\"wp-block-themeisle-blocks-advanced-columns-overlay\"><\/div><div class=\"innerblocks-wrap\">\n<div id=\"wp-block-themeisle-blocks-advanced-column-311d4b3f\" class=\"wp-block-themeisle-blocks-advanced-column\">\n<h2 class=\"wp-block-heading has-text-align-left\"><strong>Quem pode participar?<\/strong><\/h2>\n\n\n\n<div style=\"height:20px\" aria-hidden=\"true\" class=\"wp-block-spacer\"><\/div>\n\n\n\n<p class=\"has-text-align-left\">O Grupo Expandir valoriza a qualidade e a sinergia em suas conex\u00f5es. Quando consideramos novos membros, avaliamos cuidadosamente seu potencial de contribui\u00e7\u00e3o e benef\u00edcio m\u00fatuo. Para ser parte do nosso grupo, \u00e9 fundamental que a pessoa ou empresa tenha um neg\u00f3cio que possa ser aprimorado por meio de conex\u00f5es com nossos membros e clientes. Al\u00e9m disso, esperamos um hist\u00f3rico de excel\u00eancia em produtos ou servi\u00e7os. A capacidade de ampliar nossa rede e ajudar outros afiliados tamb\u00e9m \u00e9 vital. Se todas essas condi\u00e7\u00f5es se alinharem, acreditamos que o candidato tem o perfil ideal para se juntar \u00e0 nossa comunidade de networking empresarial.<\/p>\n\n\n\n<div style=\"height:20px\" aria-hidden=\"true\" class=\"wp-block-spacer\"><\/div>\n<\/div>\n\n\n\n<div id=\"wp-block-themeisle-blocks-advanced-column-49224624\" class=\"wp-block-themeisle-blocks-advanced-column\">\n<figure class=\"wp-block-image size-large\"><img loading=\"lazy\" decoding=\"async\" width=\"1024\" height=\"665\" src=\"https:\/\/expandirnetwork.com.br\/wp-content\/uploads\/2023\/10\/cpa10_70532620-1024x665.jpg\" alt=\"\" class=\"wp-image-220\" srcset=\"https:\/\/expandirnetwork.com.br\/wp-content\/uploads\/2023\/10\/cpa10_70532620-1024x665.jpg 1024w, https:\/\/expandirnetwork.com.br\/wp-content\/uploads\/2023\/10\/cpa10_70532620-300x195.jpg 300w, https:\/\/expandirnetwork.com.br\/wp-content\/uploads\/2023\/10\/cpa10_70532620-768x499.jpg 768w, https:\/\/expandirnetwork.com.br\/wp-content\/uploads\/2023\/10\/cpa10_70532620.jpg 1276w\" sizes=\"auto, (max-width: 1024px) 100vw, 1024px\" \/><\/figure>\n<\/div>\n<\/div><\/section>\n\n\n\n<section id=\"wp-block-themeisle-blocks-advanced-columns-94dec1f4\" class=\"wp-block-themeisle-blocks-advanced-columns alignfull has-1-columns has-desktop-equal-layout has-tablet-equal-layout has-mobile-equal-layout has-vertical-flex-start\"><div class=\"wp-block-themeisle-blocks-advanced-columns-overlay\"><\/div><div class=\"innerblocks-wrap\">\n<div id=\"wp-block-themeisle-blocks-advanced-column-7b0444df\" class=\"wp-block-themeisle-blocks-advanced-column\">\n<section id=\"wp-block-themeisle-blocks-advanced-columns-1727ab75\" class=\"wp-block-themeisle-blocks-advanced-columns has-1-columns has-desktop-equal-layout has-tablet-equal-layout has-mobile-collapsedRows-layout has-vertical-center has-reverse-columns-mobile\"><div class=\"wp-block-themeisle-blocks-advanced-columns-overlay\"><\/div><div class=\"innerblocks-wrap\">\n<div id=\"wp-block-themeisle-blocks-advanced-column-28d31c74\" class=\"wp-block-themeisle-blocks-advanced-column\">\n<h3 class=\"wp-block-heading\"><strong>Qualquer pessoa pode participar ou existem regras\/crit\u00e9rios?<\/strong><\/h3>\n\n\n\n<p>Embora o Grupo Expandir esteja aberto a empres\u00e1rios e profissionais liberais, a participa\u00e7\u00e3o n\u00e3o \u00e9 autom\u00e1tica. Acreditamos em criar uma comunidade coesa e comprometida, e, portanto, a afilia\u00e7\u00e3o come\u00e7a com um convite. Os potenciais membros s\u00e3o convidados a participar de uma de nossas reuni\u00f5es, onde t\u00eam a oportunidade de conhecer a din\u00e2mica do grupo, nossos valores e objetivos.<br>Nessa intera\u00e7\u00e3o inicial, buscamos entender se o candidato compartilha de nosso prop\u00f3sito e se est\u00e1 disposto a seguir nossas diretrizes e requisitos. Isso ajuda a garantir que todos os membros do Grupo Expandir estejam alinhados com nossa miss\u00e3o e valores, promovendo assim um ambiente de networking eficaz e de alta qualidade.<\/p>\n\n\n\n<h3 class=\"wp-block-heading\"><strong>Esse profissional que acessa o grupo passa por algum tipo de avalia\u00e7\u00e3o at\u00e9 ser aceito como membro?<\/strong><\/h3>\n\n\n\n<p>Sim, no Grupo Expandir, a admiss\u00e3o de novos membros \u00e9 um processo cuidadosamente considerado. Antes de ser aceito como membro afiliado, cada candidato passa por uma an\u00e1lise minuciosa. Essa an\u00e1lise \u00e9 realizada por todos os afiliados, que avaliam se o candidato est\u00e1 alinhado com nossos valores, objetivos e diretrizes. Acreditamos que a qualidade de nossa comunidade \u00e9 fundamental para o sucesso de todos os membros, e, portanto, garantimos que todos os afiliados concordem com a admiss\u00e3o de um novo membro. Somente ap\u00f3s a total aceita\u00e7\u00e3o por parte da comunidade \u00e9 que o candidato se torna um afiliado oficial, com acesso facilitado \u00e0s nossas reuni\u00f5es e workshops.<br>Essa abordagem rigorosa nos permite manter um ambiente de networking eficaz e de alta qualidade, onde todos os membros compartilham um compromisso com o crescimento m\u00fatuo e o desenvolvimento de neg\u00f3cios significativos.<\/p>\n<\/div>\n<\/div><\/section>\n<\/div>\n<\/div><\/section>\n\n\n\n<section id=\"wp-block-themeisle-blocks-advanced-columns-ab083159\" class=\"wp-block-themeisle-blocks-advanced-columns alignfull has-3-columns has-desktop-equal-layout has-tablet-equal-layout has-mobile-collapsedRows-layout has-vertical-center\"><div class=\"wp-block-themeisle-blocks-advanced-columns-overlay\"><\/div><div class=\"innerblocks-wrap\">\n<div id=\"wp-block-themeisle-blocks-advanced-column-b9f37e87\" class=\"wp-block-themeisle-blocks-advanced-column\">\n<div id=\"wp-block-themeisle-blocks-font-awesome-icons-a5f36d09\" class=\"wp-block-themeisle-blocks-font-awesome-icons\"><span class=\"wp-block-themeisle-blocks-font-awesome-icons-container\"><i class=\"fab fa-whatsapp\"><\/i><\/span><\/div>\n\n\n\n<div style=\"height:20px\" aria-hidden=\"true\" class=\"wp-block-spacer\"><\/div>\n\n\n\n<h3 class=\"wp-block-heading has-text-align-center has-nv-text-dark-bg-color has-text-color\">WhatsApp<\/h3>\n\n\n\n<div style=\"height:20px\" aria-hidden=\"true\" class=\"wp-block-spacer\"><\/div>\n\n\n\n<div id=\"wp-block-themeisle-blocks-button-group-6f732b60\" class=\"wp-block-themeisle-blocks-button-group wp-block-buttons align-center\">\n<div id=\"wp-block-themeisle-blocks-button-dba2b5f2\" class=\"wp-block-themeisle-blocks-button wp-block-button\"><a href=\"\" target=\"_self\" rel=\"noopener noreferrer\" class=\"wp-block-button__link\"><span>ENVIAR<\/span><\/a><\/div>\n<\/div>\n<\/div>\n\n\n\n<div id=\"wp-block-themeisle-blocks-advanced-column-269a9673\" class=\"wp-block-themeisle-blocks-advanced-column\">\n<div id=\"wp-block-themeisle-blocks-font-awesome-icons-e52081f0\" class=\"wp-block-themeisle-blocks-font-awesome-icons\"><span class=\"wp-block-themeisle-blocks-font-awesome-icons-container\"><i class=\"fab fa-instagram\"><\/i><\/span><\/div>\n\n\n\n<div style=\"height:20px\" aria-hidden=\"true\" class=\"wp-block-spacer\"><\/div>\n\n\n\n<h3 class=\"wp-block-heading has-text-align-center has-nv-text-dark-bg-color has-text-color\">Instagram<\/h3>\n\n\n\n<div style=\"height:20px\" aria-hidden=\"true\" class=\"wp-block-spacer\"><\/div>\n\n\n\n<div id=\"wp-block-themeisle-blocks-button-group-cdeb0879\" class=\"wp-block-themeisle-blocks-button-group wp-block-buttons align-center\">\n<div id=\"wp-block-themeisle-blocks-button-3952ccb4\" class=\"wp-block-themeisle-blocks-button wp-block-button\"><a href=\"https:\/\/www.instagram.com\/expandirnetwork\" target=\"_self\" rel=\"noopener noreferrer\" class=\"wp-block-button__link\"><span>SEGUIR<\/span><\/a><\/div>\n<\/div>\n<\/div>\n\n\n\n<div id=\"wp-block-themeisle-blocks-advanced-column-8fc46b79\" class=\"wp-block-themeisle-blocks-advanced-column\">\n<div id=\"wp-block-themeisle-blocks-font-awesome-icons-01b6a9c1\" class=\"wp-block-themeisle-blocks-font-awesome-icons\"><span class=\"wp-block-themeisle-blocks-font-awesome-icons-container\"><i class=\"fab fa-youtube\"><\/i><\/span><\/div>\n\n\n\n<div style=\"height:20px\" aria-hidden=\"true\" class=\"wp-block-spacer\"><\/div>\n\n\n\n<h3 class=\"wp-block-heading has-text-align-center has-nv-text-dark-bg-color has-text-color\">Youtube<\/h3>\n\n\n\n<div style=\"height:20px\" aria-hidden=\"true\" class=\"wp-block-spacer\"><\/div>\n\n\n\n<div id=\"wp-block-themeisle-blocks-button-group-95acd338\" class=\"wp-block-themeisle-blocks-button-group wp-block-buttons align-center\">\n<div id=\"wp-block-themeisle-blocks-button-c0cc8c01\" class=\"wp-block-themeisle-blocks-button wp-block-button\"><a href=\"https:\/\/www.youtube.com\/channel\/UCo0ceCAz_81z82Ykbp21swg\" target=\"_self\" rel=\"noopener noreferrer\" class=\"wp-block-button__link\"><span>INSCREVER<\/span><\/a><\/div>\n<\/div>\n<\/div>\n<\/div><\/section>\n","protected":false},"excerpt":{"rendered":"","protected":false},"author":1,"featured_media":0,"parent":0,"menu_order":0,"comment_status":"closed","ping_status":"closed","template":"page-templates\/template-pagebuilder-full-width.php","meta":{"neve_meta_sidebar":"full-width","neve_meta_container":"","neve_meta_enable_content_width":"on","neve_meta_content_width":100,"neve_meta_title_alignment":"","neve_meta_author_avatar":"","neve_post_elements_order":"","neve_meta_disable_header":"","neve_meta_disable_footer":"","neve_meta_disable_title":"","_themeisle_gutenberg_block_has_review":false,"footnotes":""},"class_list":["post-218","page","type-page","status-publish","hentry"],"_links":{"self":[{"href":"https:\/\/expandirnetwork.com.br\/index.php\/wp-json\/wp\/v2\/pages\/218","targetHints":{"allow":["GET"]}}],"collection":[{"href":"https:\/\/expandirnetwork.com.br\/index.php\/wp-json\/wp\/v2\/pages"}],"about":[{"href":"https:\/\/expandirnetwork.com.br\/index.php\/wp-json\/wp\/v2\/types\/page"}],"author":[{"embeddable":true,"href":"https:\/\/expandirnetwork.com.br\/index.php\/wp-json\/wp\/v2\/users\/1"}],"replies":[{"embeddable":true,"href":"https:\/\/expandirnetwork.com.br\/index.php\/wp-json\/wp\/v2\/comments?post=218"}],"version-history":[{"count":5,"href":"https:\/\/expandirnetwork.com.br\/index.php\/wp-json\/wp\/v2\/pages\/218\/revisions"}],"predecessor-version":[{"id":242,"href":"https:\/\/expandirnetwork.com.br\/index.php\/wp-json\/wp\/v2\/pages\/218\/revisions\/242"}],"wp:attachment":[{"href":"https:\/\/expandirnetwork.com.br\/index.php\/wp-json\/wp\/v2\/media?parent=218"}],"curies":[{"name":"wp","href":"https:\/\/api.w.org\/{rel}","templated":true}]}}