{"id":80,"date":"2020-07-16T07:40:12","date_gmt":"2020-07-16T10:40:12","guid":{"rendered":"https:\/\/demosites.io\/fitness-trainer-gb\/?page_id=80"},"modified":"2023-11-15T20:39:36","modified_gmt":"2023-11-15T23:39:36","slug":"quem-somos","status":"publish","type":"page","link":"https:\/\/expandirnetwork.com.br\/index.php\/quem-somos\/","title":{"rendered":"Quem Somos"},"content":{"rendered":"\n<section id=\"wp-block-themeisle-blocks-advanced-columns-8e5f5f85\" class=\"wp-block-themeisle-blocks-advanced-columns alignfull has-1-columns has-desktop-equal-layout has-tablet-equal-layout has-mobile-equal-layout has-vertical-center\"><div class=\"wp-block-themeisle-blocks-advanced-columns-overlay\"><\/div><div class=\"innerblocks-wrap\">\n<div id=\"wp-block-themeisle-blocks-advanced-column-b070ff3b\" class=\"wp-block-themeisle-blocks-advanced-column\">\n<h1 id=\"wp-block-themeisle-blocks-advanced-heading-2f679188\" class=\"wp-block-themeisle-blocks-advanced-heading wp-block-themeisle-blocks-advanced-heading-2f679188\">Quem Somos<\/h1>\n<\/div>\n<\/div><\/section>\n\n\n\n<section id=\"wp-block-themeisle-blocks-advanced-columns-e7931e5c\" class=\"wp-block-themeisle-blocks-advanced-columns alignfull has-2-columns has-desktop-equal-layout has-tablet-equal-layout has-mobile-collapsedRows-layout has-vertical-center\"><div class=\"wp-block-themeisle-blocks-advanced-columns-overlay\"><\/div><div class=\"innerblocks-wrap\">\n<div id=\"wp-block-themeisle-blocks-advanced-column-311d4b3f\" class=\"wp-block-themeisle-blocks-advanced-column\">\n<h2 class=\"wp-block-heading has-text-align-left\"><strong>Conectando Empres\u00e1rios ao Sucesso<\/strong><\/h2>\n\n\n\n<div style=\"height:20px\" aria-hidden=\"true\" class=\"wp-block-spacer\"><\/div>\n\n\n\n<p class=\"has-text-align-left\">No Expandir Network, entendemos que o mundo dos neg\u00f3cios \u00e9 din\u00e2mico e desafiador, especialmente para empres\u00e1rios determinados a alcan\u00e7ar o sucesso. Somos uma comunidade apaixonada e comprometida em criar um ambiente onde empres\u00e1rios como voc\u00ea possam prosperar, crescer e conquistar seus objetivos.<\/p>\n\n\n\n<p><strong>Conex\u00f5es Estrat\u00e9gicas:<\/strong> Acreditamos no poder das conex\u00f5es.<\/p>\n\n\n\n<p>Facilitamos encontros entre empres\u00e1rios vision\u00e1rios, permitindo que voc\u00ea crie parcerias estrat\u00e9gicas e construa relacionamentos que impulsionem seus neg\u00f3cios.<\/p>\n\n\n\n<div style=\"height:20px\" aria-hidden=\"true\" class=\"wp-block-spacer\"><\/div>\n<\/div>\n\n\n\n<div id=\"wp-block-themeisle-blocks-advanced-column-49224624\" class=\"wp-block-themeisle-blocks-advanced-column\">\n<figure class=\"wp-block-image size-full\"><img loading=\"lazy\" decoding=\"async\" width=\"931\" height=\"900\" src=\"https:\/\/expandirnetwork.com.br\/wp-content\/uploads\/2023\/10\/AdobeStock_46334934.jpg\" alt=\"\" class=\"wp-image-176\" srcset=\"https:\/\/expandirnetwork.com.br\/wp-content\/uploads\/2023\/10\/AdobeStock_46334934.jpg 931w, https:\/\/expandirnetwork.com.br\/wp-content\/uploads\/2023\/10\/AdobeStock_46334934-300x290.jpg 300w, https:\/\/expandirnetwork.com.br\/wp-content\/uploads\/2023\/10\/AdobeStock_46334934-768x742.jpg 768w, https:\/\/expandirnetwork.com.br\/wp-content\/uploads\/2023\/10\/AdobeStock_46334934-600x580.jpg 600w\" sizes=\"auto, (max-width: 931px) 100vw, 931px\" \/><\/figure>\n<\/div>\n<\/div><\/section>\n\n\n\n<section id=\"wp-block-themeisle-blocks-advanced-columns-94dec1f4\" class=\"wp-block-themeisle-blocks-advanced-columns alignfull has-1-columns has-desktop-equal-layout has-tablet-equal-layout has-mobile-equal-layout has-vertical-flex-start\"><div class=\"wp-block-themeisle-blocks-advanced-columns-overlay\"><\/div><div class=\"innerblocks-wrap\">\n<div id=\"wp-block-themeisle-blocks-advanced-column-7b0444df\" class=\"wp-block-themeisle-blocks-advanced-column has-light-bg\">\n<section id=\"wp-block-themeisle-blocks-advanced-columns-1727ab75\" class=\"wp-block-themeisle-blocks-advanced-columns has-2-columns has-desktop-equal-layout has-tablet-equal-layout has-mobile-collapsedRows-layout has-vertical-center has-reverse-columns-mobile has-light-bg\"><div class=\"wp-block-themeisle-blocks-advanced-columns-overlay\"><\/div><div class=\"innerblocks-wrap\">\n<div id=\"wp-block-themeisle-blocks-advanced-column-f968dc4e\" class=\"wp-block-themeisle-blocks-advanced-column\">\n<figure class=\"wp-block-image size-full ticss-0c5bbe67\"><img loading=\"lazy\" decoding=\"async\" width=\"900\" height=\"889\" src=\"https:\/\/expandirnetwork.com.br\/wp-content\/uploads\/2023\/10\/Depositphotos_76234673_ds-1.jpg\" alt=\"\" class=\"wp-image-181\" srcset=\"https:\/\/expandirnetwork.com.br\/wp-content\/uploads\/2023\/10\/Depositphotos_76234673_ds-1.jpg 900w, https:\/\/expandirnetwork.com.br\/wp-content\/uploads\/2023\/10\/Depositphotos_76234673_ds-1-300x296.jpg 300w, https:\/\/expandirnetwork.com.br\/wp-content\/uploads\/2023\/10\/Depositphotos_76234673_ds-1-768x759.jpg 768w, https:\/\/expandirnetwork.com.br\/wp-content\/uploads\/2023\/10\/Depositphotos_76234673_ds-1-600x593.jpg 600w, https:\/\/expandirnetwork.com.br\/wp-content\/uploads\/2023\/10\/Depositphotos_76234673_ds-1-100x100.jpg 100w\" sizes=\"auto, (max-width: 900px) 100vw, 900px\" \/><\/figure>\n<\/div>\n\n\n\n<div id=\"wp-block-themeisle-blocks-advanced-column-28d31c74\" class=\"wp-block-themeisle-blocks-advanced-column has-light-bg\">\n<div id=\"wp-block-themeisle-blocks-advanced-heading-ea62c2ae\" class=\"wp-block-themeisle-blocks-advanced-heading wp-block-themeisle-blocks-advanced-heading-ea62c2ae\"><strong>eXPANDIR NETWORKING<\/strong><\/div>\n\n\n\n<div style=\"height:20px\" aria-hidden=\"true\" class=\"wp-block-spacer\"><\/div>\n\n\n\n<ol class=\"wp-block-list\">\n<li><strong>Comunidade de Apoio:<\/strong> Ser empres\u00e1rio pode ser solit\u00e1rio, mas n\u00e3o precisa ser. No Expandir Network, voc\u00ea faz parte de uma comunidade de apoio que compartilha suas aspira\u00e7\u00f5es e desafios. Juntos, enfrentamos obst\u00e1culos e celebramos conquistas.<\/li>\n\n\n\n<li><strong>Flexibilidade e Acessibilidade:<\/strong> Com workshops mensais, voc\u00ea pode se planejar com anteced\u00eancia e ajustar sua programa\u00e7\u00e3o para participar dos eventos que mais lhe interessam. Al\u00e9m disso, nossa abordagem acess\u00edvel garante que o aprendizado de qualidade esteja ao seu alcance.<\/li>\n\n\n\n<li>No Expandir Network, nossos <strong>Workshops Mensais<\/strong> Permanentes s\u00e3o projetados para ser uma ferramenta poderosa em sua busca por crescimento e sucesso nos neg\u00f3cios. N\u00e3o perca a oportunidade de aprimorar suas habilidades, fazer conex\u00f5es valiosas<\/li>\n<\/ol>\n<\/div>\n<\/div><\/section>\n<\/div>\n<\/div><\/section>\n\n\n\n<section id=\"wp-block-themeisle-blocks-advanced-columns-0611a1b7\" class=\"wp-block-themeisle-blocks-advanced-columns alignfull has-1-columns has-desktop-equal-layout has-tablet-equal-layout has-mobile-equal-layout has-vertical-flex-start\"><div class=\"wp-block-themeisle-blocks-advanced-columns-overlay\"><\/div><div class=\"innerblocks-wrap\">\n<div id=\"wp-block-themeisle-blocks-advanced-column-83c8b63d\" class=\"wp-block-themeisle-blocks-advanced-column has-light-bg\">\n<section id=\"wp-block-themeisle-blocks-advanced-columns-6ea41516\" class=\"wp-block-themeisle-blocks-advanced-columns has-2-columns has-desktop-equal-layout has-tablet-equal-layout has-mobile-collapsedRows-layout has-vertical-center has-reverse-columns-mobile has-light-bg\"><div class=\"wp-block-themeisle-blocks-advanced-columns-overlay\"><\/div><div class=\"innerblocks-wrap\">\n<div id=\"wp-block-themeisle-blocks-advanced-column-a972c064\" class=\"wp-block-themeisle-blocks-advanced-column has-light-bg\">\n<div id=\"wp-block-themeisle-blocks-advanced-heading-165c2e79\" class=\"wp-block-themeisle-blocks-advanced-heading wp-block-themeisle-blocks-advanced-heading-165c2e79\">NOSSA MISS\u00c3O<\/div>\n\n\n\n<div style=\"height:20px\" aria-hidden=\"true\" class=\"wp-block-spacer\"><\/div>\n\n\n\n<p>Nossa miss\u00e3o \u00e9 simples: capacitar voc\u00ea, empres\u00e1rio, a alcan\u00e7ar o potencial m\u00e1ximo de seus neg\u00f3cios. Queremos ajud\u00e1-lo a transformar sua vis\u00e3o em realidade, superar desafios e prosperar em um ambiente de neg\u00f3cios competitivo.<\/p>\n\n\n\n<p><strong>Junte-se a N\u00f3s:<\/strong><\/p>\n\n\n\n<p>Se voc\u00ea \u00e9 um empres\u00e1rio determinado a crescer, o Expandir Network \u00e9 o lugar certo para voc\u00ea. Junte-se \u00e0 nossa comunidade de empres\u00e1rios vision\u00e1rios e comece sua jornada em dire\u00e7\u00e3o ao sucesso.<\/p>\n\n\n\n<p>Explore nossos eventos, recursos e oportunidades de networking, e descubra como o Expandir Network pode abrir portas para o crescimento e desenvolvimento dos seus neg\u00f3cios.<\/p>\n<\/div>\n\n\n\n<div id=\"wp-block-themeisle-blocks-advanced-column-e6050f6b\" class=\"wp-block-themeisle-blocks-advanced-column\">\n<figure class=\"wp-block-image size-full ticss-0c5bbe67\"><img loading=\"lazy\" decoding=\"async\" width=\"854\" height=\"854\" src=\"https:\/\/expandirnetwork.com.br\/wp-content\/uploads\/2023\/10\/AdobeStock_111258524.jpg\" alt=\"\" class=\"wp-image-177\" srcset=\"https:\/\/expandirnetwork.com.br\/wp-content\/uploads\/2023\/10\/AdobeStock_111258524.jpg 854w, https:\/\/expandirnetwork.com.br\/wp-content\/uploads\/2023\/10\/AdobeStock_111258524-300x300.jpg 300w, https:\/\/expandirnetwork.com.br\/wp-content\/uploads\/2023\/10\/AdobeStock_111258524-150x150.jpg 150w, https:\/\/expandirnetwork.com.br\/wp-content\/uploads\/2023\/10\/AdobeStock_111258524-768x768.jpg 768w, https:\/\/expandirnetwork.com.br\/wp-content\/uploads\/2023\/10\/AdobeStock_111258524-600x600.jpg 600w, https:\/\/expandirnetwork.com.br\/wp-content\/uploads\/2023\/10\/AdobeStock_111258524-100x100.jpg 100w\" sizes=\"auto, (max-width: 854px) 100vw, 854px\" \/><\/figure>\n<\/div>\n<\/div><\/section>\n\n\n\n<section id=\"wp-block-themeisle-blocks-advanced-columns-239711fe\" class=\"wp-block-themeisle-blocks-advanced-columns has-1-columns has-desktop-equal-layout has-tablet-equal-layout has-mobile-collapsedRows-layout has-vertical-center has-light-bg\"><div class=\"wp-block-themeisle-blocks-advanced-columns-overlay\"><\/div><div class=\"innerblocks-wrap\">\n<div id=\"wp-block-themeisle-blocks-advanced-column-45b50059\" class=\"wp-block-themeisle-blocks-advanced-column has-light-bg\">\n<div id=\"wp-block-themeisle-blocks-advanced-heading-fbe6cc0d\" class=\"wp-block-themeisle-blocks-advanced-heading wp-block-themeisle-blocks-advanced-heading-fbe6cc0d\">EXPANDA SUAS FRONTEIRAS<\/div>\n\n\n\n<h2 class=\"wp-block-heading has-text-align-left\"><strong>Juntos, Expandimos o Sucesso Empresarial em Sergipe.<\/strong><\/h2>\n\n\n\n<div style=\"height:20px\" aria-hidden=\"true\" class=\"wp-block-spacer\"><\/div>\n\n\n\n<h3 class=\"wp-block-heading\"><strong>Fa\u00e7a parte dessa jornada. Junte-se ao Expandir Network hoje!<\/strong><\/h3>\n\n\n\n<div id=\"wp-block-themeisle-blocks-button-group-f01b0e85\" class=\"wp-block-themeisle-blocks-button-group wp-block-buttons align-left\">\n<div id=\"wp-block-themeisle-blocks-button-5a03d8f6\" class=\"wp-block-themeisle-blocks-button wp-block-button\"><a href=\"\" target=\"_self\" rel=\"noopener noreferrer\" class=\"wp-block-button__link\"><span>ENTRE EM CONTATO<\/span><\/a><\/div>\n<\/div>\n<\/div>\n<\/div><\/section>\n<\/div>\n<\/div><\/section>\n\n\n\n<section id=\"wp-block-themeisle-blocks-advanced-columns-ab083159\" class=\"wp-block-themeisle-blocks-advanced-columns alignfull has-3-columns has-desktop-equal-layout has-tablet-equal-layout has-mobile-collapsedRows-layout has-vertical-center has-dark-bg\"><div class=\"wp-block-themeisle-blocks-advanced-columns-overlay\"><\/div><div class=\"innerblocks-wrap\">\n<div id=\"wp-block-themeisle-blocks-advanced-column-b9f37e87\" class=\"wp-block-themeisle-blocks-advanced-column\">\n<div id=\"wp-block-themeisle-blocks-font-awesome-icons-a5f36d09\" class=\"wp-block-themeisle-blocks-font-awesome-icons\"><span class=\"wp-block-themeisle-blocks-font-awesome-icons-container\"><i class=\"fab fa-whatsapp\"><\/i><\/span><\/div>\n\n\n\n<div style=\"height:20px\" aria-hidden=\"true\" class=\"wp-block-spacer\"><\/div>\n\n\n\n<h3 class=\"wp-block-heading has-text-align-center has-nv-text-dark-bg-color has-text-color\">WhatsApp<\/h3>\n\n\n\n<div style=\"height:20px\" aria-hidden=\"true\" class=\"wp-block-spacer\"><\/div>\n\n\n\n<div id=\"wp-block-themeisle-blocks-button-group-6f732b60\" class=\"wp-block-themeisle-blocks-button-group wp-block-buttons align-center\">\n<div id=\"wp-block-themeisle-blocks-button-dba2b5f2\" class=\"wp-block-themeisle-blocks-button wp-block-button\"><a href=\"\" target=\"_self\" rel=\"noopener noreferrer\" class=\"wp-block-button__link\"><span>ENVIAR<\/span><\/a><\/div>\n<\/div>\n<\/div>\n\n\n\n<div id=\"wp-block-themeisle-blocks-advanced-column-269a9673\" class=\"wp-block-themeisle-blocks-advanced-column\">\n<div id=\"wp-block-themeisle-blocks-font-awesome-icons-e52081f0\" class=\"wp-block-themeisle-blocks-font-awesome-icons\"><span class=\"wp-block-themeisle-blocks-font-awesome-icons-container\"><i class=\"fab fa-instagram\"><\/i><\/span><\/div>\n\n\n\n<div style=\"height:20px\" aria-hidden=\"true\" class=\"wp-block-spacer\"><\/div>\n\n\n\n<h3 class=\"wp-block-heading has-text-align-center has-nv-text-dark-bg-color has-text-color\">Instagram<\/h3>\n\n\n\n<div style=\"height:20px\" aria-hidden=\"true\" class=\"wp-block-spacer\"><\/div>\n\n\n\n<div id=\"wp-block-themeisle-blocks-button-group-cdeb0879\" class=\"wp-block-themeisle-blocks-button-group wp-block-buttons align-center\">\n<div id=\"wp-block-themeisle-blocks-button-3952ccb4\" class=\"wp-block-themeisle-blocks-button wp-block-button\"><a href=\"https:\/\/www.instagram.com\/expandirnetwork\" target=\"_self\" rel=\"noopener noreferrer\" class=\"wp-block-button__link\"><span>SEGUIR<\/span><\/a><\/div>\n<\/div>\n<\/div>\n\n\n\n<div id=\"wp-block-themeisle-blocks-advanced-column-8fc46b79\" class=\"wp-block-themeisle-blocks-advanced-column\">\n<div id=\"wp-block-themeisle-blocks-font-awesome-icons-01b6a9c1\" class=\"wp-block-themeisle-blocks-font-awesome-icons\"><span class=\"wp-block-themeisle-blocks-font-awesome-icons-container\"><i class=\"fab fa-youtube\"><\/i><\/span><\/div>\n\n\n\n<div style=\"height:20px\" aria-hidden=\"true\" class=\"wp-block-spacer\"><\/div>\n\n\n\n<h3 class=\"wp-block-heading has-text-align-center has-nv-text-dark-bg-color has-text-color\">Youtube<\/h3>\n\n\n\n<div style=\"height:20px\" aria-hidden=\"true\" class=\"wp-block-spacer\"><\/div>\n\n\n\n<div id=\"wp-block-themeisle-blocks-button-group-95acd338\" class=\"wp-block-themeisle-blocks-button-group wp-block-buttons align-center\">\n<div id=\"wp-block-themeisle-blocks-button-c0cc8c01\" class=\"wp-block-themeisle-blocks-button wp-block-button\"><a href=\"https:\/\/www.youtube.com\/channel\/UCo0ceCAz_81z82Ykbp21swg\" target=\"_self\" rel=\"noopener noreferrer\" class=\"wp-block-button__link\"><span>INSCREVER<\/span><\/a><\/div>\n<\/div>\n<\/div>\n<\/div><\/section>\n","protected":false},"excerpt":{"rendered":"","protected":false},"author":1,"featured_media":0,"parent":0,"menu_order":0,"comment_status":"closed","ping_status":"closed","template":"page-templates\/template-pagebuilder-full-width.php","meta":{"neve_meta_sidebar":"full-width","neve_meta_container":"","neve_meta_enable_content_width":"on","neve_meta_content_width":100,"neve_meta_title_alignment":"","neve_meta_author_avatar":"","neve_post_elements_order":"","neve_meta_disable_header":"","neve_meta_disable_footer":"","neve_meta_disable_title":"","_themeisle_gutenberg_block_has_review":false,"footnotes":""},"class_list":["post-80","page","type-page","status-publish","hentry"],"_links":{"self":[{"href":"https:\/\/expandirnetwork.com.br\/index.php\/wp-json\/wp\/v2\/pages\/80","targetHints":{"allow":["GET"]}}],"collection":[{"href":"https:\/\/expandirnetwork.com.br\/index.php\/wp-json\/wp\/v2\/pages"}],"about":[{"href":"https:\/\/expandirnetwork.com.br\/index.php\/wp-json\/wp\/v2\/types\/page"}],"author":[{"embeddable":true,"href":"https:\/\/expandirnetwork.com.br\/index.php\/wp-json\/wp\/v2\/users\/1"}],"replies":[{"embeddable":true,"href":"https:\/\/expandirnetwork.com.br\/index.php\/wp-json\/wp\/v2\/comments?post=80"}],"version-history":[{"count":10,"href":"https:\/\/expandirnetwork.com.br\/index.php\/wp-json\/wp\/v2\/pages\/80\/revisions"}],"predecessor-version":[{"id":239,"href":"https:\/\/expandirnetwork.com.br\/index.php\/wp-json\/wp\/v2\/pages\/80\/revisions\/239"}],"wp:attachment":[{"href":"https:\/\/expandirnetwork.com.br\/index.php\/wp-json\/wp\/v2\/media?parent=80"}],"curies":[{"name":"wp","href":"https:\/\/api.w.org\/{rel}","templated":true}]}}